{"id":29,"date":"2023-05-01T16:14:11","date_gmt":"2023-05-01T16:14:11","guid":{"rendered":"http:\/\/localhost\/evocar\/?page_id=29"},"modified":"2024-08-15T12:29:37","modified_gmt":"2024-08-15T09:29:37","slug":"iletisim","status":"publish","type":"page","link":"https:\/\/krpelektrik.com.tr\/sarj\/iletisim\/","title":{"rendered":"\u0130leti\u015fim"},"content":{"rendered":"\t\t<div data-elementor-type=\"wp-page\" data-elementor-id=\"29\" class=\"elementor elementor-29\">\n\t\t\t\t\t\t<section class=\"elementor-section elementor-top-section elementor-element elementor-element-70d61acd elementor-section-full_width elementor-section-height-default elementor-section-height-default\" data-id=\"70d61acd\" data-element_type=\"section\">\n\t\t\t\t\t\t<div class=\"elementor-container elementor-column-gap-no\">\n\t\t\t\t\t<div class=\"elementor-column elementor-col-100 elementor-top-column elementor-element elementor-element-698b5573\" data-id=\"698b5573\" data-element_type=\"column\">\n\t\t\t<div class=\"elementor-widget-wrap elementor-element-populated\">\n\t\t\t\t\t\t<div class=\"elementor-element elementor-element-36eb960e elementor-widget elementor-widget-Elementor-contact-info\" data-id=\"36eb960e\" data-element_type=\"widget\" data-widget_type=\"Elementor-contact-info.default\">\n\t\t\t\t<div class=\"elementor-widget-container\">\n\t\t\t\n <!-- contact-area -->\n            <section id=\"contact\" class=\"contact-area after-none contact-bg pt-120 pb-120 p-relative fix\">\n                <div class=\"container\">\n             \n\t\t\t\t\t<div class=\"row justify-content-center align-items-center\">\n\t\t\t\t\t\t\n                         <div class=\"col-lg-5 order-1\">\n                             \n                            <div class=\"contact-info\">\n                                                                                                       <div class=\"single-cta pb-30 mb-30 wow fadeInUp animated\" data-animation=\"fadeInDown animated\" data-delay=\".2s\">\n                                        <div class=\"f-cta-icon\">\n                                           <i class=\"far fa-map\"><\/i>\n                                        <\/div>\n                                         <h5>Adres<\/h5>\n                                             Dumlup\u0131nar Mah, Sak\u0131p Sabanc\u0131 Cad, Altek Plaza No : 34-36, Krp M\u00fchendislik 41250 Kartepe\/Kocaeli                                    <\/div>\n                                                                    <div class=\"single-cta pb-30 mb-30 wow fadeInUp animated\" data-animation=\"fadeInDown animated\" data-delay=\".2s\">\n                                        <div class=\"f-cta-icon\">\n                                           <i class=\"far fa-clock\"><\/i>\n                                        <\/div>\n                                         <h5>\u00c7al\u0131\u015fma Saatlerimiz<\/h5>\n                                             Pazartesi - Cuma: <span style=\"margin-left: 20px\">08:30 - 18:00<\/span>\n<br> \nCumartesi - Pazar: <span style=\"margin-left: 15px\">Kapal\u0131<\/span>                                    <\/div>\n                                                                    <div class=\"single-cta pb-30 mb-30 wow fadeInUp animated\" data-animation=\"fadeInDown animated\" data-delay=\".2s\">\n                                        <div class=\"f-cta-icon\">\n                                           <i class=\"far fa-envelope-open\"><\/i>\n                                        <\/div>\n                                         <h5>\u0130leti\u015fim Bilgileri<\/h5>\n                                             <a href=\"mailto:info@krpelektrik.com.tr\"  target=\"_blank\">info@krpelektrik.com.tr<\/a>\n<br>\n<a href=\"tel:0262 373 37 37\" target=\"_blank\">(0262) 373 37 37<\/a>                                    <\/div>\n                                   \n                                    \n                                <\/div>\t\t\t\t\t\t\t\n                        <\/div>\n                        <div class=\"col-lg-7 order-2\">\n                            <iframe src=\"https:\/\/www.google.com\/maps\/embed?pb=!1m18!1m12!1m3!1d3022.3014682810317!2d30.0229744!3d40.7553937!2m3!1f0!2f0!3f0!3m2!1i1024!2i768!4f13.1!3m3!1m2!1s0x14cb508b1b338de9%3A0x47fbf28d96531556!2sKRP%20M%C3%BChendislik!5e0!3m2!1str!2str!4v1719093154608!5m2!1str!2str\" width=\"600\" height=\"450\" style=\"border: 0px;\" allowfullscreen=\"\" loading=\"lazy\" referrerpolicy=\"no-referrer-when-downgrade\"><\/iframe>\n                        \n\t\t\t\t\t\t<\/div>\n\t\t\t\t\t<\/div>\n                    \n                <\/div>\n               \n            <\/section>\n            <!-- contact-area-end -->\t\t<\/div>\n\t\t\t\t<\/div>\n\t\t\t\t\t<\/div>\n\t\t<\/div>\n\t\t\t\t\t<\/div>\n\t\t<\/section>\n\t\t<div class=\"elementor-element elementor-element-13c93d2 e-flex e-con-boxed e-con e-parent\" data-id=\"13c93d2\" data-element_type=\"container\" data-settings=\"{&quot;background_background&quot;:&quot;classic&quot;}\">\n\t\t\t\t\t<div class=\"e-con-inner\">\n\t\t<a class=\"elementor-element elementor-element-4af4c84 e-con-full e-flex e-con e-child\" data-id=\"4af4c84\" data-element_type=\"container\" data-settings=\"{&quot;background_background&quot;:&quot;classic&quot;}\" href=\"https:\/\/www.facebook.com\/KrpMuhendislik\/\" target=\"_blank\">\n\t\t\t\t<div class=\"elementor-element elementor-element-0c8eb48 elementor-widget elementor-widget-text-editor\" data-id=\"0c8eb48\" data-element_type=\"widget\" data-widget_type=\"text-editor.default\">\n\t\t\t\t<div class=\"elementor-widget-container\">\n\t\t\t<style>\/*! elementor - v3.23.0 - 15-07-2024 *\/\n.elementor-widget-text-editor.elementor-drop-cap-view-stacked .elementor-drop-cap{background-color:#69727d;color:#fff}.elementor-widget-text-editor.elementor-drop-cap-view-framed .elementor-drop-cap{color:#69727d;border:3px solid;background-color:transparent}.elementor-widget-text-editor:not(.elementor-drop-cap-view-default) .elementor-drop-cap{margin-top:8px}.elementor-widget-text-editor:not(.elementor-drop-cap-view-default) .elementor-drop-cap-letter{width:1em;height:1em}.elementor-widget-text-editor .elementor-drop-cap{float:left;text-align:center;line-height:1;font-size:50px}.elementor-widget-text-editor .elementor-drop-cap-letter{display:inline-block}<\/style>\t\t\t\t<i class=\"fab fa-facebook-square\" style=\"font-size: 40px; color: #4fb0d3;\"><\/i>\n\t\t\t\t\t\t<\/div>\n\t\t\t\t<\/div>\n\t\t\t\t<div class=\"elementor-element elementor-element-a00bb18 elementor-widget elementor-widget-text-editor\" data-id=\"a00bb18\" data-element_type=\"widget\" data-widget_type=\"text-editor.default\">\n\t\t\t\t<div class=\"elementor-widget-container\">\n\t\t\t\t\t\t\t<h4 style=\"margin: 0;\">Facebook<\/h4>\t\t\t\t\t\t<\/div>\n\t\t\t\t<\/div>\n\t\t\t\t<\/a>\n\t\t<a class=\"elementor-element elementor-element-b639f05 e-con-full e-flex e-con e-child\" data-id=\"b639f05\" data-element_type=\"container\" data-settings=\"{&quot;background_background&quot;:&quot;classic&quot;}\" href=\"https:\/\/www.instagram.com\/krp_muhendislik\/\" target=\"_blank\">\n\t\t\t\t<div class=\"elementor-element elementor-element-f337e2a elementor-widget elementor-widget-text-editor\" data-id=\"f337e2a\" data-element_type=\"widget\" data-widget_type=\"text-editor.default\">\n\t\t\t\t<div class=\"elementor-widget-container\">\n\t\t\t\t\t\t\t<i class=\"fab fa-instagram\" style=\"font-size: 40px; color: #4fb0d3;\"><\/i>\t\t\t\t\t\t<\/div>\n\t\t\t\t<\/div>\n\t\t\t\t<div class=\"elementor-element elementor-element-82fb378 elementor-widget elementor-widget-text-editor\" data-id=\"82fb378\" data-element_type=\"widget\" data-widget_type=\"text-editor.default\">\n\t\t\t\t<div class=\"elementor-widget-container\">\n\t\t\t\t\t\t\t<h4 style=\"margin: 0;\">Instagram<\/h4>\t\t\t\t\t\t<\/div>\n\t\t\t\t<\/div>\n\t\t\t\t<\/a>\n\t\t<a class=\"elementor-element elementor-element-c0dc594 e-con-full e-flex e-con e-child\" data-id=\"c0dc594\" data-element_type=\"container\" data-settings=\"{&quot;background_background&quot;:&quot;classic&quot;}\" href=\"https:\/\/x.com\/krpmuhendislik\" target=\"_blank\">\n\t\t\t\t<div class=\"elementor-element elementor-element-f35ec9a elementor-widget elementor-widget-text-editor\" data-id=\"f35ec9a\" data-element_type=\"widget\" data-widget_type=\"text-editor.default\">\n\t\t\t\t<div class=\"elementor-widget-container\">\n\t\t\t\t\t\t\t<i class=\"fab fa-twitter\" style=\"font-size: 40px; color: #4fb0d3;\"><\/i>\t\t\t\t\t\t<\/div>\n\t\t\t\t<\/div>\n\t\t\t\t<div class=\"elementor-element elementor-element-655408a elementor-widget elementor-widget-text-editor\" data-id=\"655408a\" data-element_type=\"widget\" data-widget_type=\"text-editor.default\">\n\t\t\t\t<div class=\"elementor-widget-container\">\n\t\t\t\t\t\t\t<h4 style=\"margin: 0;\">X \/ Twitter<\/h4>\t\t\t\t\t\t<\/div>\n\t\t\t\t<\/div>\n\t\t\t\t<\/a>\n\t\t<a class=\"elementor-element elementor-element-8060de6 e-con-full e-flex e-con e-child\" data-id=\"8060de6\" data-element_type=\"container\" data-settings=\"{&quot;background_background&quot;:&quot;classic&quot;}\" href=\"https:\/\/tr.linkedin.com\/company\/krp-m%C3%BChendi%CC%87sli%CC%87k-elektri%CC%87k-taahh%C3%BCt-ti%CC%87c-ltd-%C5%9Fti%CC%87\" target=\"_blank\">\n\t\t\t\t<div class=\"elementor-element elementor-element-599c081 elementor-widget elementor-widget-text-editor\" data-id=\"599c081\" data-element_type=\"widget\" data-widget_type=\"text-editor.default\">\n\t\t\t\t<div class=\"elementor-widget-container\">\n\t\t\t\t\t\t\t<i class=\"fab fa-linkedin\" style=\"font-size: 40px; color: #4fb0d3;\"><\/i>\t\t\t\t\t\t<\/div>\n\t\t\t\t<\/div>\n\t\t\t\t<div class=\"elementor-element elementor-element-3b1bedc elementor-widget elementor-widget-text-editor\" data-id=\"3b1bedc\" data-element_type=\"widget\" data-widget_type=\"text-editor.default\">\n\t\t\t\t<div class=\"elementor-widget-container\">\n\t\t\t\t\t\t\t<h4 style=\"margin: 0;\">LinkedIn<\/h4>\t\t\t\t\t\t<\/div>\n\t\t\t\t<\/div>\n\t\t\t\t<\/a>\n\t\t\t\t\t<\/div>\n\t\t\t\t<\/div>\n\t\t\t\t<\/div>\n\t\t","protected":false},"excerpt":{"rendered":"<p>Facebook Instagram X \/ Twitter LinkedIn<\/p>\n","protected":false},"author":1,"featured_media":0,"parent":0,"menu_order":0,"comment_status":"closed","ping_status":"closed","template":"inside.php","meta":{"pgc_sgb_lightbox_settings":"","footnotes":""},"class_list":["post-29","page","type-page","status-publish","hentry"],"yoast_head":"<!-- This site is optimized with the Yoast SEO plugin v23.2 - https:\/\/yoast.com\/wordpress\/plugins\/seo\/ -->\n<title>\u0130leti\u015fim - KRP M\u00fchendislik<\/title>\n<meta name=\"robots\" content=\"index, follow, max-snippet:-1, max-image-preview:large, max-video-preview:-1\" \/>\n<link rel=\"canonical\" href=\"https:\/\/krpelektrik.com.tr\/sarj\/iletisim\/\" \/>\n<meta property=\"og:locale\" content=\"tr_TR\" \/>\n<meta property=\"og:type\" content=\"article\" \/>\n<meta property=\"og:title\" content=\"\u0130leti\u015fim - KRP M\u00fchendislik\" \/>\n<meta property=\"og:description\" content=\"Facebook Instagram X \/ Twitter LinkedIn\" \/>\n<meta property=\"og:url\" content=\"https:\/\/krpelektrik.com.tr\/sarj\/iletisim\/\" \/>\n<meta property=\"og:site_name\" content=\"KRP M\u00fchendislik\" \/>\n<meta property=\"article:publisher\" content=\"https:\/\/www.facebook.com\/KrpMuhendislik\/\" \/>\n<meta property=\"article:modified_time\" content=\"2024-08-15T09:29:37+00:00\" \/>\n<meta property=\"og:image\" content=\"https:\/\/krpelektrik.com.tr\/sarj\/wp-content\/uploads\/2024\/08\/KRP-BANNER-1.jpg\" \/>\n\t<meta property=\"og:image:width\" content=\"1200\" \/>\n\t<meta property=\"og:image:height\" content=\"675\" \/>\n\t<meta property=\"og:image:type\" content=\"image\/jpeg\" \/>\n<meta name=\"twitter:card\" content=\"summary_large_image\" \/>\n<meta name=\"twitter:label1\" content=\"Tahmini okuma s\u00fcresi\" \/>\n\t<meta name=\"twitter:data1\" content=\"1 dakika\" \/>\n<script type=\"application\/ld+json\" class=\"yoast-schema-graph\">{\"@context\":\"https:\/\/schema.org\",\"@graph\":[{\"@type\":\"WebPage\",\"@id\":\"https:\/\/krpelektrik.com.tr\/sarj\/iletisim\/\",\"url\":\"https:\/\/krpelektrik.com.tr\/sarj\/iletisim\/\",\"name\":\"\u0130leti\u015fim - KRP M\u00fchendislik\",\"isPartOf\":{\"@id\":\"https:\/\/krpelektrik.com.tr\/sarj\/#website\"},\"datePublished\":\"2023-05-01T16:14:11+00:00\",\"dateModified\":\"2024-08-15T09:29:37+00:00\",\"breadcrumb\":{\"@id\":\"https:\/\/krpelektrik.com.tr\/sarj\/iletisim\/#breadcrumb\"},\"inLanguage\":\"tr\",\"potentialAction\":[{\"@type\":\"ReadAction\",\"target\":[\"https:\/\/krpelektrik.com.tr\/sarj\/iletisim\/\"]}]},{\"@type\":\"BreadcrumbList\",\"@id\":\"https:\/\/krpelektrik.com.tr\/sarj\/iletisim\/#breadcrumb\",\"itemListElement\":[{\"@type\":\"ListItem\",\"position\":1,\"name\":\"Anasayfa\",\"item\":\"https:\/\/krpelektrik.com.tr\/sarj\/\"},{\"@type\":\"ListItem\",\"position\":2,\"name\":\"\u0130leti\u015fim\"}]},{\"@type\":\"WebSite\",\"@id\":\"https:\/\/krpelektrik.com.tr\/sarj\/#website\",\"url\":\"https:\/\/krpelektrik.com.tr\/sarj\/\",\"name\":\"KRP M\u00fchendislik\",\"description\":\"KRP M\u00fchendislik Elektrikli Ara\u00e7 \u015earj \u0130stasyonlar\u0131\",\"publisher\":{\"@id\":\"https:\/\/krpelektrik.com.tr\/sarj\/#organization\"},\"alternateName\":\"KRP Elektrik\",\"potentialAction\":[{\"@type\":\"SearchAction\",\"target\":{\"@type\":\"EntryPoint\",\"urlTemplate\":\"https:\/\/krpelektrik.com.tr\/sarj\/?s={search_term_string}\"},\"query-input\":\"required name=search_term_string\"}],\"inLanguage\":\"tr\"},{\"@type\":\"Organization\",\"@id\":\"https:\/\/krpelektrik.com.tr\/sarj\/#organization\",\"name\":\"KRP M\u00fchendislik\",\"url\":\"https:\/\/krpelektrik.com.tr\/sarj\/\",\"logo\":{\"@type\":\"ImageObject\",\"inLanguage\":\"tr\",\"@id\":\"https:\/\/krpelektrik.com.tr\/sarj\/#\/schema\/logo\/image\/\",\"url\":\"https:\/\/krpelektrik.com.tr\/sarj\/wp-content\/uploads\/2024\/07\/KRP-LOGO-1-1.png\",\"contentUrl\":\"https:\/\/krpelektrik.com.tr\/sarj\/wp-content\/uploads\/2024\/07\/KRP-LOGO-1-1.png\",\"width\":400,\"height\":380,\"caption\":\"KRP M\u00fchendislik\"},\"image\":{\"@id\":\"https:\/\/krpelektrik.com.tr\/sarj\/#\/schema\/logo\/image\/\"},\"sameAs\":[\"https:\/\/www.facebook.com\/KrpMuhendislik\/\",\"https:\/\/www.instagram.com\/krp_muhendislik\/\",\"https:\/\/tr.linkedin.com\/company\/krp-mhendislik-elektrik-taahht-tic-ltd-ti\"]}]}<\/script>\n<!-- \/ Yoast SEO plugin. -->","yoast_head_json":{"title":"\u0130leti\u015fim - KRP M\u00fchendislik","robots":{"index":"index","follow":"follow","max-snippet":"max-snippet:-1","max-image-preview":"max-image-preview:large","max-video-preview":"max-video-preview:-1"},"canonical":"https:\/\/krpelektrik.com.tr\/sarj\/iletisim\/","og_locale":"tr_TR","og_type":"article","og_title":"\u0130leti\u015fim - KRP M\u00fchendislik","og_description":"Facebook Instagram X \/ Twitter LinkedIn","og_url":"https:\/\/krpelektrik.com.tr\/sarj\/iletisim\/","og_site_name":"KRP M\u00fchendislik","article_publisher":"https:\/\/www.facebook.com\/KrpMuhendislik\/","article_modified_time":"2024-08-15T09:29:37+00:00","og_image":[{"width":1200,"height":675,"url":"https:\/\/krpelektrik.com.tr\/sarj\/wp-content\/uploads\/2024\/08\/KRP-BANNER-1.jpg","type":"image\/jpeg"}],"twitter_card":"summary_large_image","twitter_misc":{"Tahmini okuma s\u00fcresi":"1 dakika"},"schema":{"@context":"https:\/\/schema.org","@graph":[{"@type":"WebPage","@id":"https:\/\/krpelektrik.com.tr\/sarj\/iletisim\/","url":"https:\/\/krpelektrik.com.tr\/sarj\/iletisim\/","name":"\u0130leti\u015fim - KRP M\u00fchendislik","isPartOf":{"@id":"https:\/\/krpelektrik.com.tr\/sarj\/#website"},"datePublished":"2023-05-01T16:14:11+00:00","dateModified":"2024-08-15T09:29:37+00:00","breadcrumb":{"@id":"https:\/\/krpelektrik.com.tr\/sarj\/iletisim\/#breadcrumb"},"inLanguage":"tr","potentialAction":[{"@type":"ReadAction","target":["https:\/\/krpelektrik.com.tr\/sarj\/iletisim\/"]}]},{"@type":"BreadcrumbList","@id":"https:\/\/krpelektrik.com.tr\/sarj\/iletisim\/#breadcrumb","itemListElement":[{"@type":"ListItem","position":1,"name":"Anasayfa","item":"https:\/\/krpelektrik.com.tr\/sarj\/"},{"@type":"ListItem","position":2,"name":"\u0130leti\u015fim"}]},{"@type":"WebSite","@id":"https:\/\/krpelektrik.com.tr\/sarj\/#website","url":"https:\/\/krpelektrik.com.tr\/sarj\/","name":"KRP M\u00fchendislik","description":"KRP M\u00fchendislik Elektrikli Ara\u00e7 \u015earj \u0130stasyonlar\u0131","publisher":{"@id":"https:\/\/krpelektrik.com.tr\/sarj\/#organization"},"alternateName":"KRP Elektrik","potentialAction":[{"@type":"SearchAction","target":{"@type":"EntryPoint","urlTemplate":"https:\/\/krpelektrik.com.tr\/sarj\/?s={search_term_string}"},"query-input":"required name=search_term_string"}],"inLanguage":"tr"},{"@type":"Organization","@id":"https:\/\/krpelektrik.com.tr\/sarj\/#organization","name":"KRP M\u00fchendislik","url":"https:\/\/krpelektrik.com.tr\/sarj\/","logo":{"@type":"ImageObject","inLanguage":"tr","@id":"https:\/\/krpelektrik.com.tr\/sarj\/#\/schema\/logo\/image\/","url":"https:\/\/krpelektrik.com.tr\/sarj\/wp-content\/uploads\/2024\/07\/KRP-LOGO-1-1.png","contentUrl":"https:\/\/krpelektrik.com.tr\/sarj\/wp-content\/uploads\/2024\/07\/KRP-LOGO-1-1.png","width":400,"height":380,"caption":"KRP M\u00fchendislik"},"image":{"@id":"https:\/\/krpelektrik.com.tr\/sarj\/#\/schema\/logo\/image\/"},"sameAs":["https:\/\/www.facebook.com\/KrpMuhendislik\/","https:\/\/www.instagram.com\/krp_muhendislik\/","https:\/\/tr.linkedin.com\/company\/krp-mhendislik-elektrik-taahht-tic-ltd-ti"]}]}},"_links":{"self":[{"href":"https:\/\/krpelektrik.com.tr\/sarj\/wp-json\/wp\/v2\/pages\/29","targetHints":{"allow":["GET"]}}],"collection":[{"href":"https:\/\/krpelektrik.com.tr\/sarj\/wp-json\/wp\/v2\/pages"}],"about":[{"href":"https:\/\/krpelektrik.com.tr\/sarj\/wp-json\/wp\/v2\/types\/page"}],"author":[{"embeddable":true,"href":"https:\/\/krpelektrik.com.tr\/sarj\/wp-json\/wp\/v2\/users\/1"}],"replies":[{"embeddable":true,"href":"https:\/\/krpelektrik.com.tr\/sarj\/wp-json\/wp\/v2\/comments?post=29"}],"version-history":[{"count":25,"href":"https:\/\/krpelektrik.com.tr\/sarj\/wp-json\/wp\/v2\/pages\/29\/revisions"}],"predecessor-version":[{"id":1075,"href":"https:\/\/krpelektrik.com.tr\/sarj\/wp-json\/wp\/v2\/pages\/29\/revisions\/1075"}],"wp:attachment":[{"href":"https:\/\/krpelektrik.com.tr\/sarj\/wp-json\/wp\/v2\/media?parent=29"}],"curies":[{"name":"wp","href":"https:\/\/api.w.org\/{rel}","templated":true}]}}