{"id":671,"date":"2024-07-21T22:40:10","date_gmt":"2024-07-21T19:40:10","guid":{"rendered":"https:\/\/krpelektrik.com.tr\/sarj\/?page_id=671"},"modified":"2024-07-21T22:53:26","modified_gmt":"2024-07-21T19:53:26","slug":"ac-sarj-istasyonlari","status":"publish","type":"page","link":"https:\/\/krpelektrik.com.tr\/sarj\/ac-sarj-istasyonlari\/","title":{"rendered":"AC \u015earj \u0130stasyonlar\u0131"},"content":{"rendered":"\t\t<div data-elementor-type=\"wp-page\" data-elementor-id=\"671\" class=\"elementor elementor-671\">\n\t\t\t\t<div class=\"elementor-element elementor-element-5bfdf05 e-flex e-con-boxed e-con e-parent\" data-id=\"5bfdf05\" data-element_type=\"container\">\n\t\t\t\t\t<div class=\"e-con-inner\">\n\t\t\t\t<div class=\"elementor-element elementor-element-e123d36 elementor-widget elementor-widget-Elementor-portfolio-widget\" data-id=\"e123d36\" data-element_type=\"widget\" data-widget_type=\"Elementor-portfolio-widget.default\">\n\t\t\t\t<div class=\"elementor-widget-container\">\n\t\t\t <!-- gallery-area -->          \n<section class=\"gallery-area fix\" data-aos=\"fade-up\" data-aos-duration=\"1000\">\n\t<div class=\"container\">\n\t\t<div class=\"row align-items-end\">\n\t\t\t<div class=\"col-xl-5 col-lg-5\">\n\t\t\t\t<div class=\"section-title center-align mb-4\">\n\t\t\t\t\t<h3 style=\"color:#6EC1E4\"><i class=\"fas fa-bolt\"><\/i> AC \u015earj \u0130stasyonlar\u0131<\/h3>\n\t\t\t\t<\/div>\n\t\t\t<\/div>\n\t\t<\/div>\n\t<\/div>\n      <div class=\"container\">\n        <div class=\"row\">\n         \t                           <div class=\"col-lg-4 col-md-12 mb-30\">\n              <a href=\"https:\/\/krpelektrik.com.tr\/sarj\/urunler\/sarj-istasyonu-evlink-pro-ac-ac-metal-22kw-32a-3pn-t2s-soket-cikisi-rdc-dd-6ma-mnx-aux\/\">\n                    <figure class=\"gallery-image\">\n                       <img fetchpriority=\"high\" decoding=\"async\" width=\"1000\" height=\"1000\" src=\"https:\/\/krpelektrik.com.tr\/sarj\/wp-content\/uploads\/2024\/07\/c-1.jpg\" class=\"attachment-post-thumbnail size-post-thumbnail wp-post-image\" alt=\"\" srcset=\"https:\/\/krpelektrik.com.tr\/sarj\/wp-content\/uploads\/2024\/07\/c-1.jpg 1000w, https:\/\/krpelektrik.com.tr\/sarj\/wp-content\/uploads\/2024\/07\/c-1-300x300.jpg 300w, https:\/\/krpelektrik.com.tr\/sarj\/wp-content\/uploads\/2024\/07\/c-1-150x150.jpg 150w, https:\/\/krpelektrik.com.tr\/sarj\/wp-content\/uploads\/2024\/07\/c-1-768x768.jpg 768w\" sizes=\"(max-width: 1000px) 100vw, 1000px\" \/>                     \n                        <figcaption>      \n                            <h4>Schneider 22 kW PRO AC Kablosuz \u015earj \u0130stasyonu &#8211; EVB3S22N4<\/h4>\n\t\t\t\t\t\t\t                        <\/figcaption>\n                    <\/figure>\n               <\/a>\n            <\/div>           \n                                       <div class=\"col-lg-4 col-md-12 mb-30\">\n              <a href=\"https:\/\/krpelektrik.com.tr\/sarj\/urunler\/sarj-istasyonu-evlink-pro-ac-ac-metal-11kw-16a-3pn-t2-bagli-kablo-rdc-dd-6ma-rcd-asi-30ma-mnx-aux\/\">\n                    <figure class=\"gallery-image\">\n                       <img decoding=\"async\" width=\"1000\" height=\"1000\" src=\"https:\/\/krpelektrik.com.tr\/sarj\/wp-content\/uploads\/2024\/07\/b-1.jpg\" class=\"attachment-post-thumbnail size-post-thumbnail wp-post-image\" alt=\"\" srcset=\"https:\/\/krpelektrik.com.tr\/sarj\/wp-content\/uploads\/2024\/07\/b-1.jpg 1000w, https:\/\/krpelektrik.com.tr\/sarj\/wp-content\/uploads\/2024\/07\/b-1-300x300.jpg 300w, https:\/\/krpelektrik.com.tr\/sarj\/wp-content\/uploads\/2024\/07\/b-1-150x150.jpg 150w, https:\/\/krpelektrik.com.tr\/sarj\/wp-content\/uploads\/2024\/07\/b-1-768x768.jpg 768w\" sizes=\"(max-width: 1000px) 100vw, 1000px\" \/>                     \n                        <figcaption>      \n                            <h4>Schneider 22-11 kW PRO AC Kablolu \u015earj \u0130stasyonu &#8211; EVB3S22NCA<\/h4>\n\t\t\t\t\t\t\t                        <\/figcaption>\n                    <\/figure>\n               <\/a>\n            <\/div>           \n                                       <div class=\"col-lg-4 col-md-12 mb-30\">\n              <a href=\"https:\/\/krpelektrik.com.tr\/sarj\/urunler\/evlink-wallbox-22-kw-t2-kablolu-sarj-istasyonu\/\">\n                    <figure class=\"gallery-image\">\n                       <img decoding=\"async\" width=\"1500\" height=\"1500\" src=\"https:\/\/krpelektrik.com.tr\/sarj\/wp-content\/uploads\/2024\/07\/EVH5A07N2C5_Image_1500.jpg\" class=\"attachment-post-thumbnail size-post-thumbnail wp-post-image\" alt=\"\" srcset=\"https:\/\/krpelektrik.com.tr\/sarj\/wp-content\/uploads\/2024\/07\/EVH5A07N2C5_Image_1500.jpg 1500w, https:\/\/krpelektrik.com.tr\/sarj\/wp-content\/uploads\/2024\/07\/EVH5A07N2C5_Image_1500-300x300.jpg 300w, https:\/\/krpelektrik.com.tr\/sarj\/wp-content\/uploads\/2024\/07\/EVH5A07N2C5_Image_1500-1024x1024.jpg 1024w, https:\/\/krpelektrik.com.tr\/sarj\/wp-content\/uploads\/2024\/07\/EVH5A07N2C5_Image_1500-150x150.jpg 150w, https:\/\/krpelektrik.com.tr\/sarj\/wp-content\/uploads\/2024\/07\/EVH5A07N2C5_Image_1500-768x768.jpg 768w\" sizes=\"(max-width: 1500px) 100vw, 1500px\" \/>                     \n                        <figcaption>      \n                            <h4>Schneider 22kW AC Schneider Charge Ev Tipi Kablolu \u015earj \u0130stasyonu &#8211; EVH5A22N2SC4<\/h4>\n\t\t\t\t\t\t\t                        <\/figcaption>\n                    <\/figure>\n               <\/a>\n            <\/div>           \n                    <\/div>\n    <\/div>\n<\/section>\n<!-- gallery-area-end -->\t\t<\/div>\n\t\t\t\t<\/div>\n\t\t\t\t\t<\/div>\n\t\t\t\t<\/div>\n\t\t\t\t<\/div>\n\t\t","protected":false},"excerpt":{"rendered":"","protected":false},"author":1,"featured_media":0,"parent":0,"menu_order":0,"comment_status":"closed","ping_status":"closed","template":"","meta":{"pgc_sgb_lightbox_settings":"","footnotes":""},"class_list":["post-671","page","type-page","status-publish","hentry"],"yoast_head":"<!-- This site is optimized with the Yoast SEO plugin v23.2 - https:\/\/yoast.com\/wordpress\/plugins\/seo\/ -->\n<title>AC \u015earj \u0130stasyonlar\u0131 - KRP M\u00fchendislik<\/title>\n<meta name=\"robots\" content=\"index, follow, max-snippet:-1, max-image-preview:large, max-video-preview:-1\" \/>\n<link rel=\"canonical\" href=\"https:\/\/krpelektrik.com.tr\/sarj\/ac-sarj-istasyonlari\/\" \/>\n<meta property=\"og:locale\" content=\"tr_TR\" \/>\n<meta property=\"og:type\" content=\"article\" \/>\n<meta property=\"og:title\" content=\"AC \u015earj \u0130stasyonlar\u0131 - KRP M\u00fchendislik\" \/>\n<meta property=\"og:url\" content=\"https:\/\/krpelektrik.com.tr\/sarj\/ac-sarj-istasyonlari\/\" \/>\n<meta property=\"og:site_name\" content=\"KRP M\u00fchendislik\" \/>\n<meta property=\"article:publisher\" content=\"https:\/\/www.facebook.com\/KrpMuhendislik\/\" \/>\n<meta property=\"article:modified_time\" content=\"2024-07-21T19:53:26+00:00\" \/>\n<meta property=\"og:image\" content=\"https:\/\/krpelektrik.com.tr\/sarj\/wp-content\/uploads\/2024\/08\/KRP-BANNER-1.jpg\" \/>\n\t<meta property=\"og:image:width\" content=\"1200\" \/>\n\t<meta property=\"og:image:height\" content=\"675\" \/>\n\t<meta property=\"og:image:type\" content=\"image\/jpeg\" \/>\n<meta name=\"twitter:card\" content=\"summary_large_image\" \/>\n<script type=\"application\/ld+json\" class=\"yoast-schema-graph\">{\"@context\":\"https:\/\/schema.org\",\"@graph\":[{\"@type\":\"WebPage\",\"@id\":\"https:\/\/krpelektrik.com.tr\/sarj\/ac-sarj-istasyonlari\/\",\"url\":\"https:\/\/krpelektrik.com.tr\/sarj\/ac-sarj-istasyonlari\/\",\"name\":\"AC \u015earj \u0130stasyonlar\u0131 - KRP M\u00fchendislik\",\"isPartOf\":{\"@id\":\"https:\/\/krpelektrik.com.tr\/sarj\/#website\"},\"datePublished\":\"2024-07-21T19:40:10+00:00\",\"dateModified\":\"2024-07-21T19:53:26+00:00\",\"breadcrumb\":{\"@id\":\"https:\/\/krpelektrik.com.tr\/sarj\/ac-sarj-istasyonlari\/#breadcrumb\"},\"inLanguage\":\"tr\",\"potentialAction\":[{\"@type\":\"ReadAction\",\"target\":[\"https:\/\/krpelektrik.com.tr\/sarj\/ac-sarj-istasyonlari\/\"]}]},{\"@type\":\"BreadcrumbList\",\"@id\":\"https:\/\/krpelektrik.com.tr\/sarj\/ac-sarj-istasyonlari\/#breadcrumb\",\"itemListElement\":[{\"@type\":\"ListItem\",\"position\":1,\"name\":\"Anasayfa\",\"item\":\"https:\/\/krpelektrik.com.tr\/sarj\/\"},{\"@type\":\"ListItem\",\"position\":2,\"name\":\"AC \u015earj \u0130stasyonlar\u0131\"}]},{\"@type\":\"WebSite\",\"@id\":\"https:\/\/krpelektrik.com.tr\/sarj\/#website\",\"url\":\"https:\/\/krpelektrik.com.tr\/sarj\/\",\"name\":\"KRP M\u00fchendislik\",\"description\":\"KRP M\u00fchendislik Elektrikli Ara\u00e7 \u015earj \u0130stasyonlar\u0131\",\"publisher\":{\"@id\":\"https:\/\/krpelektrik.com.tr\/sarj\/#organization\"},\"alternateName\":\"KRP Elektrik\",\"potentialAction\":[{\"@type\":\"SearchAction\",\"target\":{\"@type\":\"EntryPoint\",\"urlTemplate\":\"https:\/\/krpelektrik.com.tr\/sarj\/?s={search_term_string}\"},\"query-input\":\"required name=search_term_string\"}],\"inLanguage\":\"tr\"},{\"@type\":\"Organization\",\"@id\":\"https:\/\/krpelektrik.com.tr\/sarj\/#organization\",\"name\":\"KRP M\u00fchendislik\",\"url\":\"https:\/\/krpelektrik.com.tr\/sarj\/\",\"logo\":{\"@type\":\"ImageObject\",\"inLanguage\":\"tr\",\"@id\":\"https:\/\/krpelektrik.com.tr\/sarj\/#\/schema\/logo\/image\/\",\"url\":\"https:\/\/krpelektrik.com.tr\/sarj\/wp-content\/uploads\/2024\/07\/KRP-LOGO-1-1.png\",\"contentUrl\":\"https:\/\/krpelektrik.com.tr\/sarj\/wp-content\/uploads\/2024\/07\/KRP-LOGO-1-1.png\",\"width\":400,\"height\":380,\"caption\":\"KRP M\u00fchendislik\"},\"image\":{\"@id\":\"https:\/\/krpelektrik.com.tr\/sarj\/#\/schema\/logo\/image\/\"},\"sameAs\":[\"https:\/\/www.facebook.com\/KrpMuhendislik\/\",\"https:\/\/www.instagram.com\/krp_muhendislik\/\",\"https:\/\/tr.linkedin.com\/company\/krp-mhendislik-elektrik-taahht-tic-ltd-ti\"]}]}<\/script>\n<!-- \/ Yoast SEO plugin. -->","yoast_head_json":{"title":"AC \u015earj \u0130stasyonlar\u0131 - KRP M\u00fchendislik","robots":{"index":"index","follow":"follow","max-snippet":"max-snippet:-1","max-image-preview":"max-image-preview:large","max-video-preview":"max-video-preview:-1"},"canonical":"https:\/\/krpelektrik.com.tr\/sarj\/ac-sarj-istasyonlari\/","og_locale":"tr_TR","og_type":"article","og_title":"AC \u015earj \u0130stasyonlar\u0131 - KRP M\u00fchendislik","og_url":"https:\/\/krpelektrik.com.tr\/sarj\/ac-sarj-istasyonlari\/","og_site_name":"KRP M\u00fchendislik","article_publisher":"https:\/\/www.facebook.com\/KrpMuhendislik\/","article_modified_time":"2024-07-21T19:53:26+00:00","og_image":[{"width":1200,"height":675,"url":"https:\/\/krpelektrik.com.tr\/sarj\/wp-content\/uploads\/2024\/08\/KRP-BANNER-1.jpg","type":"image\/jpeg"}],"twitter_card":"summary_large_image","schema":{"@context":"https:\/\/schema.org","@graph":[{"@type":"WebPage","@id":"https:\/\/krpelektrik.com.tr\/sarj\/ac-sarj-istasyonlari\/","url":"https:\/\/krpelektrik.com.tr\/sarj\/ac-sarj-istasyonlari\/","name":"AC \u015earj \u0130stasyonlar\u0131 - KRP M\u00fchendislik","isPartOf":{"@id":"https:\/\/krpelektrik.com.tr\/sarj\/#website"},"datePublished":"2024-07-21T19:40:10+00:00","dateModified":"2024-07-21T19:53:26+00:00","breadcrumb":{"@id":"https:\/\/krpelektrik.com.tr\/sarj\/ac-sarj-istasyonlari\/#breadcrumb"},"inLanguage":"tr","potentialAction":[{"@type":"ReadAction","target":["https:\/\/krpelektrik.com.tr\/sarj\/ac-sarj-istasyonlari\/"]}]},{"@type":"BreadcrumbList","@id":"https:\/\/krpelektrik.com.tr\/sarj\/ac-sarj-istasyonlari\/#breadcrumb","itemListElement":[{"@type":"ListItem","position":1,"name":"Anasayfa","item":"https:\/\/krpelektrik.com.tr\/sarj\/"},{"@type":"ListItem","position":2,"name":"AC \u015earj \u0130stasyonlar\u0131"}]},{"@type":"WebSite","@id":"https:\/\/krpelektrik.com.tr\/sarj\/#website","url":"https:\/\/krpelektrik.com.tr\/sarj\/","name":"KRP M\u00fchendislik","description":"KRP M\u00fchendislik Elektrikli Ara\u00e7 \u015earj \u0130stasyonlar\u0131","publisher":{"@id":"https:\/\/krpelektrik.com.tr\/sarj\/#organization"},"alternateName":"KRP Elektrik","potentialAction":[{"@type":"SearchAction","target":{"@type":"EntryPoint","urlTemplate":"https:\/\/krpelektrik.com.tr\/sarj\/?s={search_term_string}"},"query-input":"required name=search_term_string"}],"inLanguage":"tr"},{"@type":"Organization","@id":"https:\/\/krpelektrik.com.tr\/sarj\/#organization","name":"KRP M\u00fchendislik","url":"https:\/\/krpelektrik.com.tr\/sarj\/","logo":{"@type":"ImageObject","inLanguage":"tr","@id":"https:\/\/krpelektrik.com.tr\/sarj\/#\/schema\/logo\/image\/","url":"https:\/\/krpelektrik.com.tr\/sarj\/wp-content\/uploads\/2024\/07\/KRP-LOGO-1-1.png","contentUrl":"https:\/\/krpelektrik.com.tr\/sarj\/wp-content\/uploads\/2024\/07\/KRP-LOGO-1-1.png","width":400,"height":380,"caption":"KRP M\u00fchendislik"},"image":{"@id":"https:\/\/krpelektrik.com.tr\/sarj\/#\/schema\/logo\/image\/"},"sameAs":["https:\/\/www.facebook.com\/KrpMuhendislik\/","https:\/\/www.instagram.com\/krp_muhendislik\/","https:\/\/tr.linkedin.com\/company\/krp-mhendislik-elektrik-taahht-tic-ltd-ti"]}]}},"_links":{"self":[{"href":"https:\/\/krpelektrik.com.tr\/sarj\/wp-json\/wp\/v2\/pages\/671","targetHints":{"allow":["GET"]}}],"collection":[{"href":"https:\/\/krpelektrik.com.tr\/sarj\/wp-json\/wp\/v2\/pages"}],"about":[{"href":"https:\/\/krpelektrik.com.tr\/sarj\/wp-json\/wp\/v2\/types\/page"}],"author":[{"embeddable":true,"href":"https:\/\/krpelektrik.com.tr\/sarj\/wp-json\/wp\/v2\/users\/1"}],"replies":[{"embeddable":true,"href":"https:\/\/krpelektrik.com.tr\/sarj\/wp-json\/wp\/v2\/comments?post=671"}],"version-history":[{"count":28,"href":"https:\/\/krpelektrik.com.tr\/sarj\/wp-json\/wp\/v2\/pages\/671\/revisions"}],"predecessor-version":[{"id":699,"href":"https:\/\/krpelektrik.com.tr\/sarj\/wp-json\/wp\/v2\/pages\/671\/revisions\/699"}],"wp:attachment":[{"href":"https:\/\/krpelektrik.com.tr\/sarj\/wp-json\/wp\/v2\/media?parent=671"}],"curies":[{"name":"wp","href":"https:\/\/api.w.org\/{rel}","templated":true}]}}