{"id":846,"date":"2024-07-27T17:31:43","date_gmt":"2024-07-27T14:31:43","guid":{"rendered":"https:\/\/krpelektrik.com.tr\/sarj\/?page_id=846"},"modified":"2024-07-27T17:39:16","modified_gmt":"2024-07-27T14:39:16","slug":"sarj-istasyonlari","status":"publish","type":"page","link":"https:\/\/krpelektrik.com.tr\/sarj\/sarj-istasyonlari\/","title":{"rendered":"\u015earj \u0130stasyonlar\u0131"},"content":{"rendered":"\t\t<div data-elementor-type=\"wp-page\" data-elementor-id=\"846\" class=\"elementor elementor-846\">\n\t\t\t\t<div class=\"elementor-element elementor-element-f381ca6 e-con-full e-flex e-con e-parent\" data-id=\"f381ca6\" data-element_type=\"container\">\n\t\t\t\t<div class=\"elementor-element elementor-element-5d94014 elementor-widget elementor-widget-html\" data-id=\"5d94014\" data-element_type=\"widget\" data-widget_type=\"html.default\">\n\t\t\t\t<div class=\"elementor-widget-container\">\n\t\t\t<section style=\"overflow:hidden;margin: 60px;border-radius: 10px;\/* margin-bottom: 0; *\/height: 725px;\">\n<iframe id=\"map-iframe\" src=\"https:\/\/www.google.com\/maps\/d\/u\/1\/embed?mid=1suJsMSNVrse7_AUnGXsqiqELgUaZZJQ&ehbc=2E312F&noprof=1\" width=\"640\" height=\"800\" scrollwheel=\"false\"\n    frameborder=\"0\" style=\"border:0;margin-top:-60px\"\n    ><\/iframe>\n    <\/section>\t\t<\/div>\n\t\t\t\t<\/div>\n\t\t\t\t<\/div>\n\t\t\t\t<\/div>\n\t\t","protected":false},"excerpt":{"rendered":"","protected":false},"author":1,"featured_media":0,"parent":0,"menu_order":0,"comment_status":"closed","ping_status":"closed","template":"inside.php","meta":{"pgc_sgb_lightbox_settings":"","footnotes":""},"class_list":["post-846","page","type-page","status-publish","hentry"],"yoast_head":"<!-- This site is optimized with the Yoast SEO plugin v23.2 - https:\/\/yoast.com\/wordpress\/plugins\/seo\/ -->\n<title>\u015earj \u0130stasyonlar\u0131 - KRP M\u00fchendislik<\/title>\n<meta name=\"robots\" content=\"index, follow, max-snippet:-1, max-image-preview:large, max-video-preview:-1\" \/>\n<link rel=\"canonical\" href=\"https:\/\/krpelektrik.com.tr\/sarj\/sarj-istasyonlari\/\" \/>\n<meta property=\"og:locale\" content=\"tr_TR\" \/>\n<meta property=\"og:type\" content=\"article\" \/>\n<meta property=\"og:title\" content=\"\u015earj \u0130stasyonlar\u0131 - KRP M\u00fchendislik\" \/>\n<meta property=\"og:url\" content=\"https:\/\/krpelektrik.com.tr\/sarj\/sarj-istasyonlari\/\" \/>\n<meta property=\"og:site_name\" content=\"KRP M\u00fchendislik\" \/>\n<meta property=\"article:publisher\" content=\"https:\/\/www.facebook.com\/KrpMuhendislik\/\" \/>\n<meta property=\"article:modified_time\" content=\"2024-07-27T14:39:16+00:00\" \/>\n<meta property=\"og:image\" content=\"https:\/\/krpelektrik.com.tr\/sarj\/wp-content\/uploads\/2024\/08\/KRP-BANNER-1.jpg\" \/>\n\t<meta property=\"og:image:width\" content=\"1200\" \/>\n\t<meta property=\"og:image:height\" content=\"675\" \/>\n\t<meta property=\"og:image:type\" content=\"image\/jpeg\" \/>\n<meta name=\"twitter:card\" content=\"summary_large_image\" \/>\n<script type=\"application\/ld+json\" class=\"yoast-schema-graph\">{\"@context\":\"https:\/\/schema.org\",\"@graph\":[{\"@type\":\"WebPage\",\"@id\":\"https:\/\/krpelektrik.com.tr\/sarj\/sarj-istasyonlari\/\",\"url\":\"https:\/\/krpelektrik.com.tr\/sarj\/sarj-istasyonlari\/\",\"name\":\"\u015earj \u0130stasyonlar\u0131 - KRP M\u00fchendislik\",\"isPartOf\":{\"@id\":\"https:\/\/krpelektrik.com.tr\/sarj\/#website\"},\"datePublished\":\"2024-07-27T14:31:43+00:00\",\"dateModified\":\"2024-07-27T14:39:16+00:00\",\"breadcrumb\":{\"@id\":\"https:\/\/krpelektrik.com.tr\/sarj\/sarj-istasyonlari\/#breadcrumb\"},\"inLanguage\":\"tr\",\"potentialAction\":[{\"@type\":\"ReadAction\",\"target\":[\"https:\/\/krpelektrik.com.tr\/sarj\/sarj-istasyonlari\/\"]}]},{\"@type\":\"BreadcrumbList\",\"@id\":\"https:\/\/krpelektrik.com.tr\/sarj\/sarj-istasyonlari\/#breadcrumb\",\"itemListElement\":[{\"@type\":\"ListItem\",\"position\":1,\"name\":\"Anasayfa\",\"item\":\"https:\/\/krpelektrik.com.tr\/sarj\/\"},{\"@type\":\"ListItem\",\"position\":2,\"name\":\"\u015earj \u0130stasyonlar\u0131\"}]},{\"@type\":\"WebSite\",\"@id\":\"https:\/\/krpelektrik.com.tr\/sarj\/#website\",\"url\":\"https:\/\/krpelektrik.com.tr\/sarj\/\",\"name\":\"KRP M\u00fchendislik\",\"description\":\"KRP M\u00fchendislik Elektrikli Ara\u00e7 \u015earj \u0130stasyonlar\u0131\",\"publisher\":{\"@id\":\"https:\/\/krpelektrik.com.tr\/sarj\/#organization\"},\"alternateName\":\"KRP Elektrik\",\"potentialAction\":[{\"@type\":\"SearchAction\",\"target\":{\"@type\":\"EntryPoint\",\"urlTemplate\":\"https:\/\/krpelektrik.com.tr\/sarj\/?s={search_term_string}\"},\"query-input\":\"required name=search_term_string\"}],\"inLanguage\":\"tr\"},{\"@type\":\"Organization\",\"@id\":\"https:\/\/krpelektrik.com.tr\/sarj\/#organization\",\"name\":\"KRP M\u00fchendislik\",\"url\":\"https:\/\/krpelektrik.com.tr\/sarj\/\",\"logo\":{\"@type\":\"ImageObject\",\"inLanguage\":\"tr\",\"@id\":\"https:\/\/krpelektrik.com.tr\/sarj\/#\/schema\/logo\/image\/\",\"url\":\"https:\/\/krpelektrik.com.tr\/sarj\/wp-content\/uploads\/2024\/07\/KRP-LOGO-1-1.png\",\"contentUrl\":\"https:\/\/krpelektrik.com.tr\/sarj\/wp-content\/uploads\/2024\/07\/KRP-LOGO-1-1.png\",\"width\":400,\"height\":380,\"caption\":\"KRP M\u00fchendislik\"},\"image\":{\"@id\":\"https:\/\/krpelektrik.com.tr\/sarj\/#\/schema\/logo\/image\/\"},\"sameAs\":[\"https:\/\/www.facebook.com\/KrpMuhendislik\/\",\"https:\/\/www.instagram.com\/krp_muhendislik\/\",\"https:\/\/tr.linkedin.com\/company\/krp-mhendislik-elektrik-taahht-tic-ltd-ti\"]}]}<\/script>\n<!-- \/ Yoast SEO plugin. -->","yoast_head_json":{"title":"\u015earj \u0130stasyonlar\u0131 - KRP M\u00fchendislik","robots":{"index":"index","follow":"follow","max-snippet":"max-snippet:-1","max-image-preview":"max-image-preview:large","max-video-preview":"max-video-preview:-1"},"canonical":"https:\/\/krpelektrik.com.tr\/sarj\/sarj-istasyonlari\/","og_locale":"tr_TR","og_type":"article","og_title":"\u015earj \u0130stasyonlar\u0131 - KRP M\u00fchendislik","og_url":"https:\/\/krpelektrik.com.tr\/sarj\/sarj-istasyonlari\/","og_site_name":"KRP M\u00fchendislik","article_publisher":"https:\/\/www.facebook.com\/KrpMuhendislik\/","article_modified_time":"2024-07-27T14:39:16+00:00","og_image":[{"width":1200,"height":675,"url":"https:\/\/krpelektrik.com.tr\/sarj\/wp-content\/uploads\/2024\/08\/KRP-BANNER-1.jpg","type":"image\/jpeg"}],"twitter_card":"summary_large_image","schema":{"@context":"https:\/\/schema.org","@graph":[{"@type":"WebPage","@id":"https:\/\/krpelektrik.com.tr\/sarj\/sarj-istasyonlari\/","url":"https:\/\/krpelektrik.com.tr\/sarj\/sarj-istasyonlari\/","name":"\u015earj \u0130stasyonlar\u0131 - KRP M\u00fchendislik","isPartOf":{"@id":"https:\/\/krpelektrik.com.tr\/sarj\/#website"},"datePublished":"2024-07-27T14:31:43+00:00","dateModified":"2024-07-27T14:39:16+00:00","breadcrumb":{"@id":"https:\/\/krpelektrik.com.tr\/sarj\/sarj-istasyonlari\/#breadcrumb"},"inLanguage":"tr","potentialAction":[{"@type":"ReadAction","target":["https:\/\/krpelektrik.com.tr\/sarj\/sarj-istasyonlari\/"]}]},{"@type":"BreadcrumbList","@id":"https:\/\/krpelektrik.com.tr\/sarj\/sarj-istasyonlari\/#breadcrumb","itemListElement":[{"@type":"ListItem","position":1,"name":"Anasayfa","item":"https:\/\/krpelektrik.com.tr\/sarj\/"},{"@type":"ListItem","position":2,"name":"\u015earj \u0130stasyonlar\u0131"}]},{"@type":"WebSite","@id":"https:\/\/krpelektrik.com.tr\/sarj\/#website","url":"https:\/\/krpelektrik.com.tr\/sarj\/","name":"KRP M\u00fchendislik","description":"KRP M\u00fchendislik Elektrikli Ara\u00e7 \u015earj \u0130stasyonlar\u0131","publisher":{"@id":"https:\/\/krpelektrik.com.tr\/sarj\/#organization"},"alternateName":"KRP Elektrik","potentialAction":[{"@type":"SearchAction","target":{"@type":"EntryPoint","urlTemplate":"https:\/\/krpelektrik.com.tr\/sarj\/?s={search_term_string}"},"query-input":"required name=search_term_string"}],"inLanguage":"tr"},{"@type":"Organization","@id":"https:\/\/krpelektrik.com.tr\/sarj\/#organization","name":"KRP M\u00fchendislik","url":"https:\/\/krpelektrik.com.tr\/sarj\/","logo":{"@type":"ImageObject","inLanguage":"tr","@id":"https:\/\/krpelektrik.com.tr\/sarj\/#\/schema\/logo\/image\/","url":"https:\/\/krpelektrik.com.tr\/sarj\/wp-content\/uploads\/2024\/07\/KRP-LOGO-1-1.png","contentUrl":"https:\/\/krpelektrik.com.tr\/sarj\/wp-content\/uploads\/2024\/07\/KRP-LOGO-1-1.png","width":400,"height":380,"caption":"KRP M\u00fchendislik"},"image":{"@id":"https:\/\/krpelektrik.com.tr\/sarj\/#\/schema\/logo\/image\/"},"sameAs":["https:\/\/www.facebook.com\/KrpMuhendislik\/","https:\/\/www.instagram.com\/krp_muhendislik\/","https:\/\/tr.linkedin.com\/company\/krp-mhendislik-elektrik-taahht-tic-ltd-ti"]}]}},"_links":{"self":[{"href":"https:\/\/krpelektrik.com.tr\/sarj\/wp-json\/wp\/v2\/pages\/846","targetHints":{"allow":["GET"]}}],"collection":[{"href":"https:\/\/krpelektrik.com.tr\/sarj\/wp-json\/wp\/v2\/pages"}],"about":[{"href":"https:\/\/krpelektrik.com.tr\/sarj\/wp-json\/wp\/v2\/types\/page"}],"author":[{"embeddable":true,"href":"https:\/\/krpelektrik.com.tr\/sarj\/wp-json\/wp\/v2\/users\/1"}],"replies":[{"embeddable":true,"href":"https:\/\/krpelektrik.com.tr\/sarj\/wp-json\/wp\/v2\/comments?post=846"}],"version-history":[{"count":9,"href":"https:\/\/krpelektrik.com.tr\/sarj\/wp-json\/wp\/v2\/pages\/846\/revisions"}],"predecessor-version":[{"id":859,"href":"https:\/\/krpelektrik.com.tr\/sarj\/wp-json\/wp\/v2\/pages\/846\/revisions\/859"}],"wp:attachment":[{"href":"https:\/\/krpelektrik.com.tr\/sarj\/wp-json\/wp\/v2\/media?parent=846"}],"curies":[{"name":"wp","href":"https:\/\/api.w.org\/{rel}","templated":true}]}}