{"id":5756,"date":"2018-10-22T13:48:59","date_gmt":"2018-10-22T13:48:59","guid":{"rendered":"https:\/\/www.ekko-wp.com\/?page_id=5756"},"modified":"2024-07-17T21:10:21","modified_gmt":"2024-07-17T18:10:21","slug":"iletisim","status":"publish","type":"page","link":"https:\/\/krpelektrik.com.tr\/taahhut\/iletisim\/","title":{"rendered":"\u0130leti\u015fim"},"content":{"rendered":"<div class=\"wpb-content-wrapper\"><p>[vc_row full_width=&#8221;stretch_row&#8221; css=&#8221;.vc_custom_1555667408682{padding-top: 150px !important;padding-bottom: 250px !important;background-image: url(https:\/\/www.ekko-wp.com\/wp-content\/uploads\/sites\/3\/2019\/04\/contact-minimal2.jpg) !important;background-position: center !important;background-repeat: no-repeat !important;background-size: cover !important;}&#8221; el_class=&#8221;under-menu-topbar&#8221;][vc_column]<header class=\"kd-section-title vc_col-lg-6 vc_col-sm-8 text-center     vc_custom_1719143059820\" ><h1 class=\"separator_off\" >\u0130leti\u015fim<\/h1><h6 class=\"subtitle \" >Elektrik taahh\u00fct, enerji iletim ve da\u011f\u0131t\u0131m sistemleri, proje ve dan\u0131\u015fmanl\u0131k, g\u00fcne\u015f enerji sistemleri ve ara\u00e7 \u015farj istasyonu kurulum ve sat\u0131\u015f hizmetleri ba\u015fta olmak \u00fczere i\u015fletmenizi \u00f6n plana \u00e7\u0131karmak i\u00e7in en uygun \u00e7\u00f6z\u00fcmleri sunuyoruz. \u0130lgi duyuyorsan\u0131z g\u00f6r\u00fc\u015fmekten memnuniyet duyar\u0131z.<\/h6><\/header>[\/vc_column][\/vc_row][vc_row css=&#8221;.vc_custom_1556020192157{margin-top: -100px !important;padding-top: 70px !important;padding-right: 50px !important;padding-left: 50px !important;background-color: #ffffff !important;}&#8221;][vc_column][vc_row_inner][vc_column_inner width=&#8221;1\/3&#8243; css=&#8221;.vc_custom_1519734939213{padding-right: 50px !important;}&#8221; offset=&#8221;vc_col-lg-4 vc_col-md-12&#8243;][vc_custom_heading text=&#8221;\u0130leti\u015fime Ge\u00e7in&#8221; font_container=&#8221;tag:h2|font_size:36px|text_align:left|line_height:42px&#8221; use_theme_fonts=&#8221;yes&#8221; css=&#8221;&#8221;][\/vc_column_inner][vc_column_inner width=&#8221;2\/3&#8243; offset=&#8221;vc_col-lg-8 vc_col-md-12&#8243;][vc_custom_heading text=&#8221;Daha fazla  bilgi edinmek i\u00e7in bizimle ileti\u015fime ge\u00e7in.&#8221; font_container=&#8221;tag:h6|text_align:left&#8221; use_theme_fonts=&#8221;yes&#8221; css=&#8221;&#8221;][\/vc_column_inner][\/vc_row_inner][\/vc_column][\/vc_row][vc_row full_width=&#8221;stretch_row&#8221;][vc_column css=&#8221;.vc_custom_1516095665984{padding-right: 0px !important;padding-left: 0px !important;}&#8221;][vc_row_inner css=&#8221;.vc_custom_1555666525537{padding-top: 60px !important;padding-bottom: 73px !important;}&#8221;][vc_column_inner width=&#8221;1\/2&#8243; css=&#8221;.vc_custom_1541508372335{padding-left: 15px !important;}&#8221; offset=&#8221;vc_col-lg-6 vc_col-md-12 vc_hidden-md&#8221;][vc_gmaps link=&#8221;#E-8_JTNDaWZyYW1lJTIwc3JjJTNEJTIyaHR0cHMlM0ElMkYlMkZ3d3cuZ29vZ2xlLmNvbSUyRm1hcHMlMkZlbWJlZCUzRnBiJTNEJTIxMW0xOCUyMTFtMTIlMjExbTMlMjExZDMwMjIuMzAxNDY4MjgxMDMxNyUyMTJkMzAuMDIyOTc0NCUyMTNkNDAuNzU1MzkzNyUyMTJtMyUyMTFmMCUyMTJmMCUyMTNmMCUyMTNtMiUyMTFpMTAyNCUyMTJpNzY4JTIxNGYxMy4xJTIxM20zJTIxMW0yJTIxMXMweDE0Y2I1MDhiMWIzMzhkZTklMjUzQTB4NDdmYmYyOGQ5NjUzMTU1NiUyMTJzS1JQJTI1MjBNJTI1QzMlMjVCQ2hlbmRpc2xpayUyMTVlMCUyMTNtMiUyMTFzdHIlMjEyc3RyJTIxNHYxNzE5MDkzMTU0NjA4JTIxNW0yJTIxMXN0ciUyMTJzdHIlMjIlMjB3aWR0aCUzRCUyMjYwMCUyMiUyMGhlaWdodCUzRCUyMjQ1MCUyMiUyMHN0eWxlJTNEJTIyYm9yZGVyJTNBMCUzQiUyMiUyMGFsbG93ZnVsbHNjcmVlbiUzRCUyMiUyMiUyMGxvYWRpbmclM0QlMjJsYXp5JTIyJTIwcmVmZXJyZXJwb2xpY3klM0QlMjJuby1yZWZlcnJlci13aGVuLWRvd25ncmFkZSUyMiUzRSUzQyUyRmlmcmFtZSUzRQ==&#8221; css=&#8221;&#8221;][\/vc_column_inner][vc_column_inner width=&#8221;1\/2&#8243; css=&#8221;.vc_custom_1522244799532{padding-right: 15px !important;padding-left: 80px !important;}&#8221; offset=&#8221;vc_col-lg-6 vc_col-md-12&#8243;]<header class=\"kd-section-title col-lg-12 text-left  kd-animated fadeIn   vc_custom_1719143349761\" data-animation-delay=200><h2 class=\"separator_off\" >\u0130leti\u015fim Bilgileri<\/h2><h6 class=\"subtitle \" >\u0130stedi\u011finiz zaman bizi aray\u0131n veya u\u011fray\u0131n; t\u00fcm sorular\u0131n\u0131z\u0131 i\u015f g\u00fcnlerinde 24 saat i\u00e7inde yan\u0131tlamaya \u00e7al\u0131\u015f\u0131yoruz.<\/h6><\/header>[vc_empty_space height=&#8221;20px&#8221;][vc_column_text css=&#8221;&#8221;]<\/p>\n<div class=\"business-info-wrapper\">\n<div class=\"business-info-header\">\n<address><span class=\"business-email-row\"><i class=\"far fa-envelope\"><\/i><b>E-Posta: <\/b><a href=\"mailto:info@krpelektrik.com.tr\">info@krpelektrik.com.tr<\/a><\/span><span class=\"business-phone-row\"><i class=\"fas fa-phone-alt\"><\/i><b>Telefon: <\/b><a href=\"tel:0262 373 37 37\">(0262) 373 37 37<\/a><\/span><span class=\"business-phone-row\"><i class=\"fa-solid fa-print\" style=\"font-weight: 900;\"><\/i><b>Fax: <\/b>(0262) 373 47 47<\/span><\/address>\n<\/div>\n<\/div>\n<p>[\/vc_column_text][\/vc_column_inner][vc_column_inner width=&#8221;1\/3&#8243; css=&#8221;.vc_custom_1719262883804{padding-top: 40px !important;padding-right: 15px !important;padding-left: 80px !important;}&#8221;][vc_column_text css=&#8221;&#8221;]<\/p>\n<div class=\"business-info-wrapper\">\n<div class=\"business-info-schedule\">\n<h4 style=\"margin-bottom: 12px;\">Saatler<\/h4>\n<div class=\"business-info-day\" style=\"margin-bottom: 6px;\"><span class=\"business-info-day-name\">Pazartesi-Cuma<\/span><span class=\"business-info-day-hours\" style=\"float: right;\">08:30 &#8211; 18:00<\/span><\/div>\n<div class=\"business-info-day\" style=\"margin-bottom: 6px;\"><span class=\"business-info-day-name\">Cumartesi<\/span><span class=\"business-info-day-hours\" style=\"float: right;\">Kapal\u0131<\/span><\/div>\n<div class=\"business-info-day\"><span class=\"business-info-day-name\">Pazar<\/span><span class=\"business-info-day-hours\" style=\"float: right;\">Kapal\u0131<\/span><\/div>\n<\/div>\n<\/div>\n<p>[\/vc_column_text][\/vc_column_inner][\/vc_row_inner][\/vc_column][\/vc_row][vc_row full_width=&#8221;stretch_row&#8221; css=&#8221;.vc_custom_1555666594706{padding-top: 100px !important;background-color: #f5f5f5 !important;}&#8221;][vc_column css=&#8221;.vc_custom_1515687105834{padding-right: 0px !important;padding-left: 0px !important;}&#8221;][vc_row_inner css=&#8221;.vc_custom_1555666389233{padding-bottom: 70px !important;}&#8221;][vc_column_inner width=&#8221;1\/4&#8243;]<div class=\"cb-container cb-cont-center\" style=\"padding-bottom:25px;background-color:#fff;\" ><a href=\"https:\/\/www.facebook.com\/KrpMuhendislik\/\" target=\"_blank\"><div class=\"cb-img-area\"><i class=\"fab fa-facebook-square\" style=\" \"><\/i> <\/div><div class=\"cb-text-area\">\n                    <h4 class=\"cb-heading \" >Facebook<\/h4><p >facebook.com\/KrpMuhendislik\/<\/p><\/div><\/a><\/div>[\/vc_column_inner][vc_column_inner width=&#8221;1\/4&#8243;]<div class=\"cb-container cb-cont-center\" style=\"padding-bottom:25px;background-color:#fff;\" ><a href=\"https:\/\/www.instagram.com\/krp_muhendislik\/\" target=\"_blank\"><div class=\"cb-img-area\"><i class=\"fab fa-instagram\" style=\" \"><\/i> <\/div><div class=\"cb-text-area\">\n                    <h4 class=\"cb-heading \" >Instagram<\/h4><p >@krp_muhendislik<\/p><\/div><\/a><\/div>[\/vc_column_inner][vc_column_inner width=&#8221;1\/4&#8243;]<div class=\"cb-container cb-cont-center\" style=\"padding-bottom:25px;background-color:#fff;\" ><a href=\"https:\/\/x.com\/krpmuhendislik\" target=\"_blank\"><div class=\"cb-img-area\"><i class=\"fab fa-x-twitter\" style=\" \"><\/i> <\/div><div class=\"cb-text-area\">\n                    <h4 class=\"cb-heading \" >X \/ Twitter<\/h4><p >@krpmuhendislik<\/p><\/div><\/a><\/div>[\/vc_column_inner][vc_column_inner width=&#8221;1\/4&#8243;]<div class=\"cb-container cb-cont-center\" style=\"padding-bottom:25px;background-color:#fff;\" ><a href=\"https:\/\/tr.linkedin.com\/company\/krp-m%C3%BChendi%CC%87sli%CC%87k-elektri%CC%87k-taahh%C3%BCt-ti%CC%87c-ltd-%C5%9Fti%CC%87\" target=\"_blank\"><div class=\"cb-img-area\"><i class=\"fab fa-linkedin\" style=\" \"><\/i> <\/div><div class=\"cb-text-area\">\n                    <h4 class=\"cb-heading \" >LinkedIn<\/h4><p >KRP M\u00fchendislik<\/p><\/div><\/a><\/div>[\/vc_column_inner][\/vc_row_inner][\/vc_column][\/vc_row]<\/p>\n<\/div>","protected":false},"excerpt":{"rendered":"<p>[vc_row full_width=&#8221;stretch_row&#8221; css=&#8221;.vc_custom_1555667408682{padding-top: 150px !important;padding-bottom: 250px !important;background-image: url(https:\/\/www.ekko-wp.com\/wp-content\/uploads\/sites\/3\/2019\/04\/contact-minimal2.jpg) !important;background-position: center !important;background-repeat: no-repeat !important;background-size: cover !important;}&#8221; el_class=&#8221;under-menu-topbar&#8221;][vc_column][\/vc_column][\/vc_row][vc_row css=&#8221;.vc_custom_1556020192157{margin-top: -100px !important;padding-top: 70px [&hellip;]<\/p>\n","protected":false},"author":1,"featured_media":0,"parent":0,"menu_order":0,"comment_status":"closed","ping_status":"closed","template":"","meta":{"pgc_sgb_lightbox_settings":"","footnotes":""},"class_list":["post-5756","page","type-page","status-publish","hentry"],"yoast_head":"<!-- This site is optimized with the Yoast SEO plugin v23.0 - https:\/\/yoast.com\/wordpress\/plugins\/seo\/ -->\n<title>\u0130leti\u015fim - KRP M\u00fchendislik<\/title>\n<meta name=\"robots\" content=\"index, follow, max-snippet:-1, max-image-preview:large, max-video-preview:-1\" \/>\n<link rel=\"canonical\" href=\"https:\/\/krpelektrik.com.tr\/taahhut\/iletisim\/\" \/>\n<meta property=\"og:locale\" content=\"tr_TR\" \/>\n<meta property=\"og:type\" content=\"article\" \/>\n<meta property=\"og:title\" content=\"\u0130leti\u015fim - KRP M\u00fchendislik\" \/>\n<meta property=\"og:description\" content=\"[vc_row full_width=&#8221;stretch_row&#8221; css=&#8221;.vc_custom_1555667408682{padding-top: 150px !important;padding-bottom: 250px !important;background-image: url(https:\/\/www.ekko-wp.com\/wp-content\/uploads\/sites\/3\/2019\/04\/contact-minimal2.jpg) !important;background-position: center !important;background-repeat: no-repeat !important;background-size: cover !important;}&#8221; el_class=&#8221;under-menu-topbar&#8221;][vc_column][\/vc_column][\/vc_row][vc_row css=&#8221;.vc_custom_1556020192157{margin-top: -100px !important;padding-top: 70px [&hellip;]\" \/>\n<meta property=\"og:url\" content=\"https:\/\/krpelektrik.com.tr\/taahhut\/iletisim\/\" \/>\n<meta property=\"og:site_name\" content=\"KRP M\u00fchendislik\" \/>\n<meta property=\"article:publisher\" content=\"https:\/\/www.facebook.com\/KrpMuhendislik\/\" \/>\n<meta property=\"article:modified_time\" content=\"2024-07-17T18:10:21+00:00\" \/>\n<meta property=\"og:image\" content=\"https:\/\/krpelektrik.com.tr\/taahhut\/wp-content\/uploads\/2024\/07\/KRP-BANNER-1.jpg\" \/>\n\t<meta property=\"og:image:width\" content=\"1200\" \/>\n\t<meta property=\"og:image:height\" content=\"675\" \/>\n\t<meta property=\"og:image:type\" content=\"image\/jpeg\" \/>\n<meta name=\"twitter:card\" content=\"summary_large_image\" \/>\n<meta name=\"twitter:label1\" content=\"Tahmini okuma s\u00fcresi\" \/>\n\t<meta name=\"twitter:data1\" content=\"4 dakika\" \/>\n<script type=\"application\/ld+json\" class=\"yoast-schema-graph\">{\"@context\":\"https:\/\/schema.org\",\"@graph\":[{\"@type\":\"WebPage\",\"@id\":\"https:\/\/krpelektrik.com.tr\/taahhut\/iletisim\/\",\"url\":\"https:\/\/krpelektrik.com.tr\/taahhut\/iletisim\/\",\"name\":\"\u0130leti\u015fim - KRP M\u00fchendislik\",\"isPartOf\":{\"@id\":\"https:\/\/krpelektrik.com.tr\/taahhut\/#website\"},\"datePublished\":\"2018-10-22T13:48:59+00:00\",\"dateModified\":\"2024-07-17T18:10:21+00:00\",\"breadcrumb\":{\"@id\":\"https:\/\/krpelektrik.com.tr\/taahhut\/iletisim\/#breadcrumb\"},\"inLanguage\":\"tr\",\"potentialAction\":[{\"@type\":\"ReadAction\",\"target\":[\"https:\/\/krpelektrik.com.tr\/taahhut\/iletisim\/\"]}]},{\"@type\":\"BreadcrumbList\",\"@id\":\"https:\/\/krpelektrik.com.tr\/taahhut\/iletisim\/#breadcrumb\",\"itemListElement\":[{\"@type\":\"ListItem\",\"position\":1,\"name\":\"Anasayfa\",\"item\":\"https:\/\/krpelektrik.com.tr\/taahhut\/\"},{\"@type\":\"ListItem\",\"position\":2,\"name\":\"\u0130leti\u015fim\"}]},{\"@type\":\"WebSite\",\"@id\":\"https:\/\/krpelektrik.com.tr\/taahhut\/#website\",\"url\":\"https:\/\/krpelektrik.com.tr\/taahhut\/\",\"name\":\"KRP M\u00fchendislik\",\"description\":\"Enerjinize Y\u00f6n Veriyoruz\",\"publisher\":{\"@id\":\"https:\/\/krpelektrik.com.tr\/taahhut\/#organization\"},\"alternateName\":\"KRP Elektrik\",\"potentialAction\":[{\"@type\":\"SearchAction\",\"target\":{\"@type\":\"EntryPoint\",\"urlTemplate\":\"https:\/\/krpelektrik.com.tr\/taahhut\/?s={search_term_string}\"},\"query-input\":\"required name=search_term_string\"}],\"inLanguage\":\"tr\"},{\"@type\":\"Organization\",\"@id\":\"https:\/\/krpelektrik.com.tr\/taahhut\/#organization\",\"name\":\"KRP M\u00fchendislik\",\"url\":\"https:\/\/krpelektrik.com.tr\/taahhut\/\",\"logo\":{\"@type\":\"ImageObject\",\"inLanguage\":\"tr\",\"@id\":\"https:\/\/krpelektrik.com.tr\/taahhut\/#\/schema\/logo\/image\/\",\"url\":\"https:\/\/krpelektrik.com.tr\/taahhut\/wp-content\/uploads\/2024\/07\/cropped-KRP-LOGO-512.png\",\"contentUrl\":\"https:\/\/krpelektrik.com.tr\/taahhut\/wp-content\/uploads\/2024\/07\/cropped-KRP-LOGO-512.png\",\"width\":512,\"height\":512,\"caption\":\"KRP M\u00fchendislik\"},\"image\":{\"@id\":\"https:\/\/krpelektrik.com.tr\/taahhut\/#\/schema\/logo\/image\/\"},\"sameAs\":[\"https:\/\/www.facebook.com\/KrpMuhendislik\/\",\"https:\/\/www.instagram.com\/krp_muhendislik\/\",\"https:\/\/tr.linkedin.com\/company\/krp-mhendislik-elektrik-taahht-tic-ltd-ti\"]}]}<\/script>\n<!-- \/ Yoast SEO plugin. -->","yoast_head_json":{"title":"\u0130leti\u015fim - KRP M\u00fchendislik","robots":{"index":"index","follow":"follow","max-snippet":"max-snippet:-1","max-image-preview":"max-image-preview:large","max-video-preview":"max-video-preview:-1"},"canonical":"https:\/\/krpelektrik.com.tr\/taahhut\/iletisim\/","og_locale":"tr_TR","og_type":"article","og_title":"\u0130leti\u015fim - KRP M\u00fchendislik","og_description":"[vc_row full_width=&#8221;stretch_row&#8221; css=&#8221;.vc_custom_1555667408682{padding-top: 150px !important;padding-bottom: 250px !important;background-image: url(https:\/\/www.ekko-wp.com\/wp-content\/uploads\/sites\/3\/2019\/04\/contact-minimal2.jpg) !important;background-position: center !important;background-repeat: no-repeat !important;background-size: cover !important;}&#8221; el_class=&#8221;under-menu-topbar&#8221;][vc_column][\/vc_column][\/vc_row][vc_row css=&#8221;.vc_custom_1556020192157{margin-top: -100px !important;padding-top: 70px [&hellip;]","og_url":"https:\/\/krpelektrik.com.tr\/taahhut\/iletisim\/","og_site_name":"KRP M\u00fchendislik","article_publisher":"https:\/\/www.facebook.com\/KrpMuhendislik\/","article_modified_time":"2024-07-17T18:10:21+00:00","og_image":[{"width":1200,"height":675,"url":"https:\/\/krpelektrik.com.tr\/taahhut\/wp-content\/uploads\/2024\/07\/KRP-BANNER-1.jpg","type":"image\/jpeg"}],"twitter_card":"summary_large_image","twitter_misc":{"Tahmini okuma s\u00fcresi":"4 dakika"},"schema":{"@context":"https:\/\/schema.org","@graph":[{"@type":"WebPage","@id":"https:\/\/krpelektrik.com.tr\/taahhut\/iletisim\/","url":"https:\/\/krpelektrik.com.tr\/taahhut\/iletisim\/","name":"\u0130leti\u015fim - KRP M\u00fchendislik","isPartOf":{"@id":"https:\/\/krpelektrik.com.tr\/taahhut\/#website"},"datePublished":"2018-10-22T13:48:59+00:00","dateModified":"2024-07-17T18:10:21+00:00","breadcrumb":{"@id":"https:\/\/krpelektrik.com.tr\/taahhut\/iletisim\/#breadcrumb"},"inLanguage":"tr","potentialAction":[{"@type":"ReadAction","target":["https:\/\/krpelektrik.com.tr\/taahhut\/iletisim\/"]}]},{"@type":"BreadcrumbList","@id":"https:\/\/krpelektrik.com.tr\/taahhut\/iletisim\/#breadcrumb","itemListElement":[{"@type":"ListItem","position":1,"name":"Anasayfa","item":"https:\/\/krpelektrik.com.tr\/taahhut\/"},{"@type":"ListItem","position":2,"name":"\u0130leti\u015fim"}]},{"@type":"WebSite","@id":"https:\/\/krpelektrik.com.tr\/taahhut\/#website","url":"https:\/\/krpelektrik.com.tr\/taahhut\/","name":"KRP M\u00fchendislik","description":"Enerjinize Y\u00f6n Veriyoruz","publisher":{"@id":"https:\/\/krpelektrik.com.tr\/taahhut\/#organization"},"alternateName":"KRP Elektrik","potentialAction":[{"@type":"SearchAction","target":{"@type":"EntryPoint","urlTemplate":"https:\/\/krpelektrik.com.tr\/taahhut\/?s={search_term_string}"},"query-input":"required name=search_term_string"}],"inLanguage":"tr"},{"@type":"Organization","@id":"https:\/\/krpelektrik.com.tr\/taahhut\/#organization","name":"KRP M\u00fchendislik","url":"https:\/\/krpelektrik.com.tr\/taahhut\/","logo":{"@type":"ImageObject","inLanguage":"tr","@id":"https:\/\/krpelektrik.com.tr\/taahhut\/#\/schema\/logo\/image\/","url":"https:\/\/krpelektrik.com.tr\/taahhut\/wp-content\/uploads\/2024\/07\/cropped-KRP-LOGO-512.png","contentUrl":"https:\/\/krpelektrik.com.tr\/taahhut\/wp-content\/uploads\/2024\/07\/cropped-KRP-LOGO-512.png","width":512,"height":512,"caption":"KRP M\u00fchendislik"},"image":{"@id":"https:\/\/krpelektrik.com.tr\/taahhut\/#\/schema\/logo\/image\/"},"sameAs":["https:\/\/www.facebook.com\/KrpMuhendislik\/","https:\/\/www.instagram.com\/krp_muhendislik\/","https:\/\/tr.linkedin.com\/company\/krp-mhendislik-elektrik-taahht-tic-ltd-ti"]}]}},"_links":{"self":[{"href":"https:\/\/krpelektrik.com.tr\/taahhut\/wp-json\/wp\/v2\/pages\/5756","targetHints":{"allow":["GET"]}}],"collection":[{"href":"https:\/\/krpelektrik.com.tr\/taahhut\/wp-json\/wp\/v2\/pages"}],"about":[{"href":"https:\/\/krpelektrik.com.tr\/taahhut\/wp-json\/wp\/v2\/types\/page"}],"author":[{"embeddable":true,"href":"https:\/\/krpelektrik.com.tr\/taahhut\/wp-json\/wp\/v2\/users\/1"}],"replies":[{"embeddable":true,"href":"https:\/\/krpelektrik.com.tr\/taahhut\/wp-json\/wp\/v2\/comments?post=5756"}],"version-history":[{"count":10,"href":"https:\/\/krpelektrik.com.tr\/taahhut\/wp-json\/wp\/v2\/pages\/5756\/revisions"}],"predecessor-version":[{"id":7860,"href":"https:\/\/krpelektrik.com.tr\/taahhut\/wp-json\/wp\/v2\/pages\/5756\/revisions\/7860"}],"wp:attachment":[{"href":"https:\/\/krpelektrik.com.tr\/taahhut\/wp-json\/wp\/v2\/media?parent=5756"}],"curies":[{"name":"wp","href":"https:\/\/api.w.org\/{rel}","templated":true}]}}