{"id":7501,"date":"2024-06-22T23:31:51","date_gmt":"2024-06-22T20:31:51","guid":{"rendered":"http:\/\/localhost\/?page_id=7501"},"modified":"2024-07-05T10:34:21","modified_gmt":"2024-07-05T07:34:21","slug":"enerji-iletim-ve-dagitim-sistemleri","status":"publish","type":"page","link":"https:\/\/krpelektrik.com.tr\/taahhut\/enerji-iletim-ve-dagitim-sistemleri\/","title":{"rendered":"Enerji \u0130letim ve Da\u011f\u0131t\u0131m Sistemleri"},"content":{"rendered":"<div class=\"wpb-content-wrapper\"><p>[vc_row full_width=&#8221;stretch_row&#8221; css=&#8221;.vc_custom_1719088071362{margin-top: -75px !important;padding-top: 50px !important;padding-bottom: 85px !important;}&#8221;][vc_column width=&#8221;1\/2&#8243; offset=&#8221;vc_col-lg-6 vc_col-md-12&#8243;][vc_row_inner css=&#8221;.vc_custom_1539591907369{margin-top: 30px !important;}&#8221;][vc_column_inner width=&#8221;5\/6&#8243; css=&#8221;.vc_custom_1541520012278{padding-right: 0px !important;padding-left: 0px !important;}&#8221; offset=&#8221;vc_col-lg-offset-0 vc_col-lg-10 vc_col-md-offset-1 vc_col-md-10 vc_col-sm-offset-0&#8243;]<header class=\"kd-section-title col-lg-12 text-left  kd-animated fadeIn  \" data-animation-delay=200><h2 class=\"separator_off\" >Enerji \u0130letim ve Da\u011f\u0131t\u0131m Sistemleri<\/h2><p class=\"subtitle \" >Enerji \u00dcretim Tesislerinin \u015febekeye ba\u011flanabilmeleri i\u00e7in, ba\u011flant\u0131 tesislerinin  projelendirilme, m\u00fchendislik, sat\u0131n alma, yap\u0131m ve devreye alma i\u015flerini anahtar teslim olarak ger\u00e7ekle\u015ftirmekteyiz.<\/p><\/header>[\/vc_column_inner][vc_column_inner width=&#8221;1\/6&#8243; offset=&#8221;vc_hidden-md vc_hidden-sm vc_hidden-xs&#8221;][\/vc_column_inner][\/vc_row_inner][vc_row_inner css=&#8221;.vc_custom_1513613877158{margin-top: 10px !important;margin-bottom: 35px !important;}&#8221;][vc_column_inner css=&#8221;.vc_custom_1719087693063{padding-left: 0px !important;}&#8221; offset=&#8221;vc_col-lg-offset-0 vc_col-lg-12 vc_col-md-offset-1 vc_col-md-4 vc_col-xs-12&#8243;][vc_column_text css_animation=&#8221;fadeIn&#8221; css=&#8221;&#8221;]<\/p>\n<ul>\n<li><strong>34.5 kV \u0130letim Hatlar\u0131<\/strong><\/li>\n<li><strong>154 kV \u0130letim Hatlar\u0131<\/strong><\/li>\n<li><strong>380 kV \u0130letim Hatlar\u0131<\/strong><\/li>\n<li><strong>34.5 kV Trafo Merkezleri Uygulamalar\u0131<\/strong><\/li>\n<li><strong>154 kV Trafo Merkezleri Uygulamalar\u0131<\/strong><\/li>\n<\/ul>\n<p>[\/vc_column_text][\/vc_column_inner][\/vc_row_inner][vc_row_inner css=&#8221;.vc_custom_1522314825805{padding-left: 0px !important;}&#8221;][vc_column_inner css=&#8221;.vc_custom_1541519966835{margin-bottom: 20px !important;padding-left: 0px !important;}&#8221; offset=&#8221;vc_col-lg-offset-0 vc_col-md-offset-1 vc_col-sm-offset-0&#8243;]<a  href=\"https:\/\/krpelektrik.com.tr\/taahhut\/iletisim\/\"  target=\"_self\"  title=\"\u0130leti\u015fim\" class=\"tt_button tt_secondary_button btn_primary_color  pull-left button-action-link  kd-animated zoomIn\" data-animation-delay=200><span class=\"prim_text\">\u0130leti\u015fime Ge\u00e7in<\/span><\/a>[\/vc_column_inner][\/vc_row_inner][\/vc_column][vc_column width=&#8221;1\/2&#8243; css=&#8221;.vc_custom_1539591979391{padding-left: 0px !important;}&#8221; offset=&#8221;vc_col-lg-6 vc_col-md-12&#8243;][vc_single_image image=&#8221;7821&#8243; img_size=&#8221;full&#8221; alignment=&#8221;center&#8221; css_animation=&#8221;fadeIn&#8221; css=&#8221;.vc_custom_1720164857451{margin-bottom: 0px !important;}&#8221;][\/vc_column][\/vc_row]<\/p>\n<\/div>","protected":false},"excerpt":{"rendered":"<p>[vc_row full_width=&#8221;stretch_row&#8221; css=&#8221;.vc_custom_1719088071362{margin-top: -75px !important;padding-top: 50px !important;padding-bottom: 85px !important;}&#8221;][vc_column width=&#8221;1\/2&#8243; offset=&#8221;vc_col-lg-6 vc_col-md-12&#8243;][vc_row_inner css=&#8221;.vc_custom_1539591907369{margin-top: 30px !important;}&#8221;][vc_column_inner width=&#8221;5\/6&#8243; css=&#8221;.vc_custom_1541520012278{padding-right: 0px !important;padding-left: 0px [&hellip;]<\/p>\n","protected":false},"author":1,"featured_media":0,"parent":0,"menu_order":0,"comment_status":"closed","ping_status":"closed","template":"","meta":{"pgc_sgb_lightbox_settings":"","footnotes":""},"class_list":["post-7501","page","type-page","status-publish","hentry"],"yoast_head":"<!-- This site is optimized with the Yoast SEO plugin v23.0 - https:\/\/yoast.com\/wordpress\/plugins\/seo\/ -->\n<title>Enerji \u0130letim ve Da\u011f\u0131t\u0131m Sistemleri - KRP M\u00fchendislik<\/title>\n<meta name=\"robots\" content=\"index, follow, max-snippet:-1, max-image-preview:large, max-video-preview:-1\" \/>\n<link rel=\"canonical\" href=\"https:\/\/krpelektrik.com.tr\/taahhut\/enerji-iletim-ve-dagitim-sistemleri\/\" \/>\n<meta property=\"og:locale\" content=\"tr_TR\" \/>\n<meta property=\"og:type\" content=\"article\" \/>\n<meta property=\"og:title\" content=\"Enerji \u0130letim ve Da\u011f\u0131t\u0131m Sistemleri - KRP M\u00fchendislik\" \/>\n<meta property=\"og:description\" content=\"[vc_row full_width=&#8221;stretch_row&#8221; css=&#8221;.vc_custom_1719088071362{margin-top: -75px !important;padding-top: 50px !important;padding-bottom: 85px !important;}&#8221;][vc_column width=&#8221;1\/2&#8243; offset=&#8221;vc_col-lg-6 vc_col-md-12&#8243;][vc_row_inner css=&#8221;.vc_custom_1539591907369{margin-top: 30px !important;}&#8221;][vc_column_inner width=&#8221;5\/6&#8243; css=&#8221;.vc_custom_1541520012278{padding-right: 0px !important;padding-left: 0px [&hellip;]\" \/>\n<meta property=\"og:url\" content=\"https:\/\/krpelektrik.com.tr\/taahhut\/enerji-iletim-ve-dagitim-sistemleri\/\" \/>\n<meta property=\"og:site_name\" content=\"KRP M\u00fchendislik\" \/>\n<meta property=\"article:publisher\" content=\"https:\/\/www.facebook.com\/KrpMuhendislik\/\" \/>\n<meta property=\"article:modified_time\" content=\"2024-07-05T07:34:21+00:00\" \/>\n<meta property=\"og:image\" content=\"https:\/\/krpelektrik.com.tr\/taahhut\/wp-content\/uploads\/2024\/07\/KRP-BANNER-1.jpg\" \/>\n\t<meta property=\"og:image:width\" content=\"1200\" \/>\n\t<meta property=\"og:image:height\" content=\"675\" \/>\n\t<meta property=\"og:image:type\" content=\"image\/jpeg\" \/>\n<meta name=\"twitter:card\" content=\"summary_large_image\" \/>\n<meta name=\"twitter:label1\" content=\"Tahmini okuma s\u00fcresi\" \/>\n\t<meta name=\"twitter:data1\" content=\"2 dakika\" \/>\n<script type=\"application\/ld+json\" class=\"yoast-schema-graph\">{\"@context\":\"https:\/\/schema.org\",\"@graph\":[{\"@type\":\"WebPage\",\"@id\":\"https:\/\/krpelektrik.com.tr\/taahhut\/enerji-iletim-ve-dagitim-sistemleri\/\",\"url\":\"https:\/\/krpelektrik.com.tr\/taahhut\/enerji-iletim-ve-dagitim-sistemleri\/\",\"name\":\"Enerji \u0130letim ve Da\u011f\u0131t\u0131m Sistemleri - KRP M\u00fchendislik\",\"isPartOf\":{\"@id\":\"https:\/\/krpelektrik.com.tr\/taahhut\/#website\"},\"datePublished\":\"2024-06-22T20:31:51+00:00\",\"dateModified\":\"2024-07-05T07:34:21+00:00\",\"breadcrumb\":{\"@id\":\"https:\/\/krpelektrik.com.tr\/taahhut\/enerji-iletim-ve-dagitim-sistemleri\/#breadcrumb\"},\"inLanguage\":\"tr\",\"potentialAction\":[{\"@type\":\"ReadAction\",\"target\":[\"https:\/\/krpelektrik.com.tr\/taahhut\/enerji-iletim-ve-dagitim-sistemleri\/\"]}]},{\"@type\":\"BreadcrumbList\",\"@id\":\"https:\/\/krpelektrik.com.tr\/taahhut\/enerji-iletim-ve-dagitim-sistemleri\/#breadcrumb\",\"itemListElement\":[{\"@type\":\"ListItem\",\"position\":1,\"name\":\"Anasayfa\",\"item\":\"https:\/\/krpelektrik.com.tr\/taahhut\/\"},{\"@type\":\"ListItem\",\"position\":2,\"name\":\"Enerji \u0130letim ve Da\u011f\u0131t\u0131m Sistemleri\"}]},{\"@type\":\"WebSite\",\"@id\":\"https:\/\/krpelektrik.com.tr\/taahhut\/#website\",\"url\":\"https:\/\/krpelektrik.com.tr\/taahhut\/\",\"name\":\"KRP M\u00fchendislik\",\"description\":\"Enerjinize Y\u00f6n Veriyoruz\",\"publisher\":{\"@id\":\"https:\/\/krpelektrik.com.tr\/taahhut\/#organization\"},\"alternateName\":\"KRP Elektrik\",\"potentialAction\":[{\"@type\":\"SearchAction\",\"target\":{\"@type\":\"EntryPoint\",\"urlTemplate\":\"https:\/\/krpelektrik.com.tr\/taahhut\/?s={search_term_string}\"},\"query-input\":\"required name=search_term_string\"}],\"inLanguage\":\"tr\"},{\"@type\":\"Organization\",\"@id\":\"https:\/\/krpelektrik.com.tr\/taahhut\/#organization\",\"name\":\"KRP M\u00fchendislik\",\"url\":\"https:\/\/krpelektrik.com.tr\/taahhut\/\",\"logo\":{\"@type\":\"ImageObject\",\"inLanguage\":\"tr\",\"@id\":\"https:\/\/krpelektrik.com.tr\/taahhut\/#\/schema\/logo\/image\/\",\"url\":\"https:\/\/krpelektrik.com.tr\/taahhut\/wp-content\/uploads\/2024\/07\/cropped-KRP-LOGO-512.png\",\"contentUrl\":\"https:\/\/krpelektrik.com.tr\/taahhut\/wp-content\/uploads\/2024\/07\/cropped-KRP-LOGO-512.png\",\"width\":512,\"height\":512,\"caption\":\"KRP M\u00fchendislik\"},\"image\":{\"@id\":\"https:\/\/krpelektrik.com.tr\/taahhut\/#\/schema\/logo\/image\/\"},\"sameAs\":[\"https:\/\/www.facebook.com\/KrpMuhendislik\/\",\"https:\/\/www.instagram.com\/krp_muhendislik\/\",\"https:\/\/tr.linkedin.com\/company\/krp-mhendislik-elektrik-taahht-tic-ltd-ti\"]}]}<\/script>\n<!-- \/ Yoast SEO plugin. -->","yoast_head_json":{"title":"Enerji \u0130letim ve Da\u011f\u0131t\u0131m Sistemleri - KRP M\u00fchendislik","robots":{"index":"index","follow":"follow","max-snippet":"max-snippet:-1","max-image-preview":"max-image-preview:large","max-video-preview":"max-video-preview:-1"},"canonical":"https:\/\/krpelektrik.com.tr\/taahhut\/enerji-iletim-ve-dagitim-sistemleri\/","og_locale":"tr_TR","og_type":"article","og_title":"Enerji \u0130letim ve Da\u011f\u0131t\u0131m Sistemleri - KRP M\u00fchendislik","og_description":"[vc_row full_width=&#8221;stretch_row&#8221; css=&#8221;.vc_custom_1719088071362{margin-top: -75px !important;padding-top: 50px !important;padding-bottom: 85px !important;}&#8221;][vc_column width=&#8221;1\/2&#8243; offset=&#8221;vc_col-lg-6 vc_col-md-12&#8243;][vc_row_inner css=&#8221;.vc_custom_1539591907369{margin-top: 30px !important;}&#8221;][vc_column_inner width=&#8221;5\/6&#8243; css=&#8221;.vc_custom_1541520012278{padding-right: 0px !important;padding-left: 0px [&hellip;]","og_url":"https:\/\/krpelektrik.com.tr\/taahhut\/enerji-iletim-ve-dagitim-sistemleri\/","og_site_name":"KRP M\u00fchendislik","article_publisher":"https:\/\/www.facebook.com\/KrpMuhendislik\/","article_modified_time":"2024-07-05T07:34:21+00:00","og_image":[{"width":1200,"height":675,"url":"https:\/\/krpelektrik.com.tr\/taahhut\/wp-content\/uploads\/2024\/07\/KRP-BANNER-1.jpg","type":"image\/jpeg"}],"twitter_card":"summary_large_image","twitter_misc":{"Tahmini okuma s\u00fcresi":"2 dakika"},"schema":{"@context":"https:\/\/schema.org","@graph":[{"@type":"WebPage","@id":"https:\/\/krpelektrik.com.tr\/taahhut\/enerji-iletim-ve-dagitim-sistemleri\/","url":"https:\/\/krpelektrik.com.tr\/taahhut\/enerji-iletim-ve-dagitim-sistemleri\/","name":"Enerji \u0130letim ve Da\u011f\u0131t\u0131m Sistemleri - KRP M\u00fchendislik","isPartOf":{"@id":"https:\/\/krpelektrik.com.tr\/taahhut\/#website"},"datePublished":"2024-06-22T20:31:51+00:00","dateModified":"2024-07-05T07:34:21+00:00","breadcrumb":{"@id":"https:\/\/krpelektrik.com.tr\/taahhut\/enerji-iletim-ve-dagitim-sistemleri\/#breadcrumb"},"inLanguage":"tr","potentialAction":[{"@type":"ReadAction","target":["https:\/\/krpelektrik.com.tr\/taahhut\/enerji-iletim-ve-dagitim-sistemleri\/"]}]},{"@type":"BreadcrumbList","@id":"https:\/\/krpelektrik.com.tr\/taahhut\/enerji-iletim-ve-dagitim-sistemleri\/#breadcrumb","itemListElement":[{"@type":"ListItem","position":1,"name":"Anasayfa","item":"https:\/\/krpelektrik.com.tr\/taahhut\/"},{"@type":"ListItem","position":2,"name":"Enerji \u0130letim ve Da\u011f\u0131t\u0131m Sistemleri"}]},{"@type":"WebSite","@id":"https:\/\/krpelektrik.com.tr\/taahhut\/#website","url":"https:\/\/krpelektrik.com.tr\/taahhut\/","name":"KRP M\u00fchendislik","description":"Enerjinize Y\u00f6n Veriyoruz","publisher":{"@id":"https:\/\/krpelektrik.com.tr\/taahhut\/#organization"},"alternateName":"KRP Elektrik","potentialAction":[{"@type":"SearchAction","target":{"@type":"EntryPoint","urlTemplate":"https:\/\/krpelektrik.com.tr\/taahhut\/?s={search_term_string}"},"query-input":"required name=search_term_string"}],"inLanguage":"tr"},{"@type":"Organization","@id":"https:\/\/krpelektrik.com.tr\/taahhut\/#organization","name":"KRP M\u00fchendislik","url":"https:\/\/krpelektrik.com.tr\/taahhut\/","logo":{"@type":"ImageObject","inLanguage":"tr","@id":"https:\/\/krpelektrik.com.tr\/taahhut\/#\/schema\/logo\/image\/","url":"https:\/\/krpelektrik.com.tr\/taahhut\/wp-content\/uploads\/2024\/07\/cropped-KRP-LOGO-512.png","contentUrl":"https:\/\/krpelektrik.com.tr\/taahhut\/wp-content\/uploads\/2024\/07\/cropped-KRP-LOGO-512.png","width":512,"height":512,"caption":"KRP M\u00fchendislik"},"image":{"@id":"https:\/\/krpelektrik.com.tr\/taahhut\/#\/schema\/logo\/image\/"},"sameAs":["https:\/\/www.facebook.com\/KrpMuhendislik\/","https:\/\/www.instagram.com\/krp_muhendislik\/","https:\/\/tr.linkedin.com\/company\/krp-mhendislik-elektrik-taahht-tic-ltd-ti"]}]}},"_links":{"self":[{"href":"https:\/\/krpelektrik.com.tr\/taahhut\/wp-json\/wp\/v2\/pages\/7501","targetHints":{"allow":["GET"]}}],"collection":[{"href":"https:\/\/krpelektrik.com.tr\/taahhut\/wp-json\/wp\/v2\/pages"}],"about":[{"href":"https:\/\/krpelektrik.com.tr\/taahhut\/wp-json\/wp\/v2\/types\/page"}],"author":[{"embeddable":true,"href":"https:\/\/krpelektrik.com.tr\/taahhut\/wp-json\/wp\/v2\/users\/1"}],"replies":[{"embeddable":true,"href":"https:\/\/krpelektrik.com.tr\/taahhut\/wp-json\/wp\/v2\/comments?post=7501"}],"version-history":[{"count":9,"href":"https:\/\/krpelektrik.com.tr\/taahhut\/wp-json\/wp\/v2\/pages\/7501\/revisions"}],"predecessor-version":[{"id":7831,"href":"https:\/\/krpelektrik.com.tr\/taahhut\/wp-json\/wp\/v2\/pages\/7501\/revisions\/7831"}],"wp:attachment":[{"href":"https:\/\/krpelektrik.com.tr\/taahhut\/wp-json\/wp\/v2\/media?parent=7501"}],"curies":[{"name":"wp","href":"https:\/\/api.w.org\/{rel}","templated":true}]}}